{"id":23033,"date":"2025-06-19T12:09:46","date_gmt":"2025-06-19T12:09:46","guid":{"rendered":"https:\/\/inderostg.wpenginepowered.com\/?page_id=23033"},"modified":"2025-10-29T14:15:31","modified_gmt":"2025-10-29T14:15:31","slug":"politique-de-confidentialite","status":"publish","type":"page","link":"https:\/\/inderocro.com\/fr\/politique-de-confidentialite\/","title":{"rendered":"Politique de confidentialit\u00e9"},"content":{"rendered":"\t\t<div data-elementor-type=\"wp-page\" data-elementor-id=\"23033\" class=\"elementor elementor-23033\" data-elementor-post-type=\"page\">\n\t\t\t\t<div class=\"elementor-element elementor-element-2884aa7c e-flex e-con-boxed e-con e-parent\" data-id=\"2884aa7c\" data-element_type=\"container\" data-e-type=\"container\">\n\t\t\t\t\t<div class=\"e-con-inner\">\n\t\t\t\t<div class=\"elementor-element elementor-element-22656684 elementor-widget elementor-widget-text-editor\" data-id=\"22656684\" data-element_type=\"widget\" data-e-type=\"widget\" data-widget_type=\"text-editor.default\">\n\t\t\t\t\t\t\t\t\t<h1>\u00c9NONC\u00c9 DE POLITIQUE SUR LA PROTECTION DE LA VIE PRIV\u00c9E CONDITIONS D\u2019UTILISATION<\/h1><h3><strong>1.1\u00a0DONN\u00c9ES RECUEILLIES PAR DES MOYENS AUTOMATIQUES\u00a0<\/strong><\/h3><p>Plusieurs technologies peuvent \u00eatre utilis\u00e9es sur notre site Web afin de les rendre plus conviviaux, efficaces et fiables. Ces technologies peuvent comporter une collecte automatique de donn\u00e9es par nous-m\u00eames ou par des tiers en notre nom. En g\u00e9n\u00e9ral, ces donn\u00e9es ne contiennent pas de d\u00e9tails personnels sur l\u2019utilisateur. Ces technologies comportent, notamment, les t\u00e9moins, les t\u00e9moins Adobe Flash et les logiciels cyberm\u00e9triques.<\/p><p>\u00a0<\/p><h3><strong>1<\/strong><strong>.1.1\u00a0Donn\u00e9es de parcours\u00a0 \u00a0<\/strong><\/h3><p>Une visite sur l\u2019un de nos sites Web entra\u00eene la transmission de donn\u00e9es de votre navigateur \u00e0 notre serveur. Ces donn\u00e9es sont automatiquement recueillies et stock\u00e9es par nous-m\u00eames ou par des tiers en notre nom. Ces donn\u00e9es peuvent comprendre, en particulier :<\/p><ul><li>l\u2019adresse IP du visiteur<\/li><li>la date et l\u2019heure de la visite<\/li><li>l\u2019URL d\u2019orientation (le site par lequel le visiteur est venu)<\/li><li>les pages visit\u00e9es sur notre site Web<\/li><li>des informations sur le navigateur utilis\u00e9 (type et version du navigateur, syst\u00e8me d\u2019exploitation, etc.)<\/li><\/ul><p>\u00a0<\/p><h3><strong>1.1.2\u00a0T\u00e9moins<\/strong><\/h3><p>Sur notre site Web, des t\u00e9moins peuvent \u00eatre utilis\u00e9s \u00e0 plusieurs endroits. D\u2019une mani\u00e8re g\u00e9n\u00e9rale, il s\u2019agit de petits fichiers texte stock\u00e9s sur le disque dur de votre ordinateur ou de votre dispositif mobile par votre navigateur Web. Les t\u00e9moins aident \u00e0 rendre notre site Web plus convivial, plus efficace et plus fiable. Les t\u00e9moins que nous utilisons g\u00e9n\u00e9ralement sont des \u00ab t\u00e9moins de session \u00bb, qui sont automatiquement d\u00e9truits \u00e0 la fin de la visite du site Web en question. Par d\u00e9faut, les navigateurs permettent l\u2019utilisation de t\u00e9moins, mais cette fonction peut aussi \u00eatre d\u00e9sactiv\u00e9e. Cependant, certains services risquent alors de ne pas \u00eatre disponibles. Il est \u00e9galement possible de supprimer manuellement les t\u00e9moins apr\u00e8s leur utilisation, au moyen du navigateur Web. Indero n\u2019a pas connaissance de cas o\u00f9 des t\u00e9moins auraient endommag\u00e9 un ordinateur ou un dispositif mobile, ou favoris\u00e9 l\u2019infection virale.<\/p><p>Les liens suivants offrent des informations pr\u00e9cises sur les navigateurs les plus courants :<\/p><ul><li>Internet Explorer :\u00a0<a href=\"https:\/\/support.microsoft.com\/en-us\/windows\/microsoft-edge-browsing-data-and-privacy-bb8174ba-9d73-dcf2-9b4a-c582b4e640dd#:~:text=Microsoft%20Edge%20will%20delete%20your,you%20close%20all%20InPrivate%20windows\">https:\/\/support.microsoft.com\/en-us\/windows\/microsoft-edge-browsing-data-and-privacy<\/a><\/li><li>Mozilla Firefox :\u00a0<a href=\"https:\/\/support.mozilla.org\/en-US\/kb\/cookies-information-websites-store-on-your-computer\">https:\/\/support.mozilla.org\/en-US\/kb\/cookies-information-websites-store-on-your-computer<\/a><\/li><li>Google Chrome :\u00a0<a href=\"http:\/\/www.google.com\/support\/chrome\/bin\/answer.py?hl=en&amp;answer=95647\">http:\/\/www.google.com\/support\/chrome\/bin\/answer.py?hl=en&amp;answer=95647<\/a><\/li><li>Safari :\u00a0<a href=\"http:\/\/support.apple.com\/kb\/PH5042\">http:\/\/support.apple.com\/kb\/PH5042<\/a><\/li><\/ul><p>\u00a0<\/p><h3><strong>1.1.3\u00a0Pixels invisibles et liens traceurs\u00a0<\/strong><\/h3><p>Les pixels invisibles (aussi appel\u00e9s \u00ab balises pixels \u00bb et \u00ab GIF sains \u00bb) comportent des symboles graphiques que l\u2019utilisateur ne peut pas voir. Les liens traceurs ou technologies similaires consistent en quelques lignes de code d\u2019instruction et peuvent \u00eatre incorpor\u00e9s dans notre site Web ou notre application (mobile). Avec les t\u00e9moins, ils sont surtout utilis\u00e9s pour de l\u2019analyse statistique. Cette technologie peut aussi \u00eatre utilis\u00e9e pour suivre des structures de trafic sur des sites Web, ou pour savoir si un courriel a \u00e9t\u00e9 re\u00e7u et ouvert, et si une r\u00e9ponse y a \u00e9t\u00e9 donn\u00e9e.<\/p><p>\u00a0<\/p><h3><strong>1.1.4 Cyberm\u00e9trie<\/strong><\/h3><p>L\u2019expression \u00ab cyberm\u00e9trie \u00bb d\u00e9signe une m\u00e9thode de collecte et d\u2019\u00e9valuation du comportement des visiteurs de sites Web ou d\u2019applications (mobiles). Cette derni\u00e8re comporte l\u2019analyse de structures de trafic afin, par exemple, de d\u00e9terminer la fr\u00e9quence des visites de certaines parties d\u2019un site Web ou d\u2019une application (mobile) ou pour savoir quelles informations et quels services int\u00e9ressent le plus nos visiteurs. Pour ce faire, nous utilisons essentiellement des donn\u00e9es de parcours et les autres techniques d\u00e9crites ci-dessus. Les donn\u00e9es cyberm\u00e9triques sont g\u00e9r\u00e9es par Google Analytics ou d\u2019autres intervenants. Vous pourrez trouver de plus amples informations sur le traitement de donn\u00e9es cyberm\u00e9triques par Google Analytics au point ci-dessous.<\/p><p>\u00a0<\/p><h2>1.2 TRAITEMENT DE DONN\u00c9ES CYBERM\u00c9TRIQUES PAR GOOGLE ANALYTICS<\/h2><p>Les services cyberm\u00e9triques utilis\u00e9s sur notre site Web et nos applications (mobiles) sont fournis par Google Analytics (www.google.com\/analytics). Cela signifie que lorsque vous visitez notre site Web, un t\u00e9moin de Google Analytics est plac\u00e9 sur votre ordinateur ou dispositif mobile, sauf si le param\u00e9trage de votre navigateur n\u2019autorise pas ces t\u00e9moins (voir 2.1.2 ci-dessus).<\/p><p>Par ailleurs, quand vous visitez notre site Web, les donn\u00e9es cyberm\u00e9triques d\u00e9crites pr\u00e9c\u00e9demment au chapitre 1 \u2013 y compris les \u00ab donn\u00e9es de parcours \u00bb, les donn\u00e9es fournies par des \u00ab pixels invisibles et des liens traceurs \u00bb, ainsi que les informations enregistr\u00e9es dans les t\u00e9moins de Google Analytics \u2013 seront envoy\u00e9es \u00e0 Google Analytics afin d\u2019\u00eatre analys\u00e9es pour Indero.<\/p><p>Google Analytics agit en tant qu\u2019agent d\u2019Indero, ce qui signifie qu\u2019Indero d\u00e9termine les fins auxquelles les donn\u00e9es sont utilis\u00e9es et que Google Analytics ne peut pas divulguer les informations \u00e0 des tiers (sauf si elle y est oblig\u00e9e par la loi ou par une d\u00e9cision judiciaire).<\/p><p>En termes de respect de la vie priv\u00e9e, cela signifie qu\u2019Indero est le \u00ab garant \u00bb et Google Analytics le \u00ab pr\u00e9pos\u00e9 au traitement des donn\u00e9es \u00bb. Vous pouvez trouver de plus amples informations sur les relations entre Indero et Google Analytics dans la politique de confidentialit\u00e9 de Google Analytics \u00e0 \u00ab R\u00e8gles de confidentialit\u00e9 \u00bb \u00e0 l\u2019adresse suivante : <a href=\"http:\/\/www.google.com\/intl\/fr\/policies\/privacy\/\">http:\/\/www.google.com\/intl\/fr\/policies\/privacy\/<\/a><\/p><p>Si vous ne souhaitez pas que des informations sur vos consultations de notre site Web soient recueillies et \u00e9valu\u00e9es par Google Analytics, vous pouvez vous y opposer. Cela signifie que Google Analytics rendra anonymes les informations qu\u2019elle recueille (mais continuera \u00e0 les recueillir) ou cessera de recueillir des informations sur votre visite, en fonction du type d\u2019opposition que vous avez choisi. Cette opposition vous oblige \u00e0 accepter qu\u2019un t\u00e9moin soit plac\u00e9 sur votre ordinateur par Google Analytics. Vous pouvez demander \u00e0 faire opposition en cliquant sur le lien pr\u00e9vu \u00e0 cet effet dans la partie du site Web de Google Analytics qui contient la politique de confidentialit\u00e9.<\/p><p>(<a href=\"https:\/\/tools.google.com\/dlpage\/gaoptout\">https:\/\/tools.google.com\/dlpage\/gaoptout<\/a>).<\/p><p>\u00a0<\/p><h2>1.3 TECHNOLOGIES DE RECIBLAGE<\/h2><p>Notre site Web utilise des technologies de reciblage publicitaire sur Internet. Ainsi, nos visiteurs, qui sont d\u00e9j\u00e0 int\u00e9ress\u00e9s par nos services, peuvent visualiser nos publicit\u00e9s sur des sites Web partenaires. Nous sommes convaincus que l\u2019affichage d\u2019une publicit\u00e9 personnalis\u00e9e, qui repose sur les int\u00e9r\u00eats, s\u2019av\u00e8re plus int\u00e9ressant qu\u2019une publicit\u00e9 sans aucun lien avec la personne.<\/p><p>Nous collaborons aussi avec des entreprises qui utilisent des technologies de suivi. Ces entreprises fournissent les publicit\u00e9s en notre nom sur Internet. Il est possible que ces entreprises recueillent des informations non personnelles identifiables sur vos visites de notre site Web et de votre interaction avec toutes nos communications, notamment la publicit\u00e9.<\/p><p>Les technologies de reciblage publicitaire analysent vos t\u00e9moins et affichent des publicit\u00e9s sur la base de votre comportement sur Internet. Pour de plus amples informations sur les t\u00e9moins, veuillez-vous reporter \u00e0 la section 1 de la pr\u00e9sente Politique de confidentialit\u00e9.<\/p><p>Cette technologie ne demande et n\u2019enregistre aucun de vos renseignements personnels. En outre, l\u2019utilisation de notre technologie de reciblage publicitaire est conforme aux exigences actuelles en mati\u00e8re de protection de la vie priv\u00e9e applicables.<\/p><p>Vous pouvez d\u00e9sactiver l\u2019utilisation des t\u00e9moins par Google en acc\u00e9dant au\u00a0<a href=\"http:\/\/www.google.com\/settings\/ads\">Gestionnaire de pr\u00e9f\u00e9rences pour les annonces<\/a>. Vous pouvez \u00e9galement d\u00e9sactiver l\u2019utilisation des t\u00e9moins par un fournisseur tiers vers la\u00a0<a href=\"https:\/\/thenai.org\/opt-out\/\">page de d\u00e9sactivation de Network Advertising Initiative<\/a>\u00a0et la\u00a0<a href=\"https:\/\/www.google.com\/settings\/ads\/onweb#display_optout\">page de d\u00e9sactivation de DoubleClick<\/a>\u00a0ou la\u00a0<a href=\"https:\/\/thenai.org\/opt-out\/\">page de d\u00e9sactivation de Network Advertising Initiative<\/a>.<\/p>\t\t\t\t\t\t\t\t<\/div>\n\t\t\t\t\t<\/div>\n\t\t\t\t<\/div>\n\t\t\t\t<\/div>\n\t\t","protected":false},"excerpt":{"rendered":"<p>\u00c9NONC\u00c9 DE POLITIQUE SUR LA PROTECTION DE LA VIE PRIV\u00c9E CONDITIONS D\u2019UTILISATION 1.1\u00a0DONN\u00c9ES RECUEILLIES PAR DES MOYENS AUTOMATIQUES\u00a0 Plusieurs technologies peuvent \u00eatre utilis\u00e9es sur notre site Web afin de les rendre plus conviviaux, efficaces et fiables. Ces technologies peuvent comporter une collecte automatique de donn\u00e9es par nous-m\u00eames ou par des tiers en notre nom. En [&hellip;]<\/p>\n","protected":false},"author":1,"featured_media":0,"parent":0,"menu_order":0,"comment_status":"closed","ping_status":"closed","template":"","meta":{"_acf_changed":false,"inline_featured_image":false,"footnotes":""},"class_list":["post-23033","page","type-page","status-publish","hentry"],"acf":[],"yoast_head":"<!-- This site is optimized with the Yoast SEO plugin v26.9 - https:\/\/yoast.com\/product\/yoast-seo-wordpress\/ -->\n<title>Politique de confidentialit\u00e9 | Indero<\/title>\n<meta name=\"description\" content=\"La politique de confidentialit\u00e9 d\u2019Indero explique comment nous prot\u00e9geons et traitons les informations.\" \/>\n<meta name=\"robots\" content=\"index, follow, max-snippet:-1, max-image-preview:large, max-video-preview:-1\" \/>\n<link rel=\"canonical\" href=\"https:\/\/inderocro.com\/fr\/politique-de-confidentialite\/\" \/>\n<meta property=\"og:locale\" content=\"fr_FR\" \/>\n<meta property=\"og:type\" content=\"article\" \/>\n<meta property=\"og:title\" content=\"Politique de confidentialit\u00e9 | Indero\" \/>\n<meta property=\"og:description\" content=\"La politique de confidentialit\u00e9 d\u2019Indero explique comment nous prot\u00e9geons et traitons les informations.\" \/>\n<meta property=\"og:url\" content=\"https:\/\/inderocro.com\/fr\/politique-de-confidentialite\/\" \/>\n<meta property=\"og:site_name\" content=\"Indero\" \/>\n<meta property=\"article:modified_time\" content=\"2025-10-29T14:15:31+00:00\" \/>\n<meta name=\"twitter:card\" content=\"summary_large_image\" \/>\n<meta name=\"twitter:site\" content=\"@Innovaderm_\" \/>\n<meta name=\"twitter:label1\" content=\"Dur\u00e9e de lecture estim\u00e9e\" \/>\n\t<meta name=\"twitter:data1\" content=\"6 minutes\" \/>\n<script type=\"application\/ld+json\" class=\"yoast-schema-graph\">{\"@context\":\"https:\/\/schema.org\",\"@graph\":[{\"@type\":\"WebPage\",\"@id\":\"https:\/\/inderocro.com\/fr\/politique-de-confidentialite\/\",\"url\":\"https:\/\/inderocro.com\/fr\/politique-de-confidentialite\/\",\"name\":\"Politique de confidentialit\u00e9 | Indero\",\"isPartOf\":{\"@id\":\"https:\/\/inderocro.com\/fr\/#website\"},\"datePublished\":\"2025-06-19T12:09:46+00:00\",\"dateModified\":\"2025-10-29T14:15:31+00:00\",\"description\":\"La politique de confidentialit\u00e9 d\u2019Indero explique comment nous prot\u00e9geons et traitons les informations.\",\"breadcrumb\":{\"@id\":\"https:\/\/inderocro.com\/fr\/politique-de-confidentialite\/#breadcrumb\"},\"inLanguage\":\"fr-FR\",\"potentialAction\":[{\"@type\":\"ReadAction\",\"target\":[\"https:\/\/inderocro.com\/fr\/politique-de-confidentialite\/\"]}]},{\"@type\":\"BreadcrumbList\",\"@id\":\"https:\/\/inderocro.com\/fr\/politique-de-confidentialite\/#breadcrumb\",\"itemListElement\":[{\"@type\":\"ListItem\",\"position\":1,\"name\":\"Home\",\"item\":\"https:\/\/inderocro.com\/fr\/\"},{\"@type\":\"ListItem\",\"position\":2,\"name\":\"Politique de confidentialit\u00e9\"}]},{\"@type\":\"WebSite\",\"@id\":\"https:\/\/inderocro.com\/fr\/#website\",\"url\":\"https:\/\/inderocro.com\/fr\/\",\"name\":\"Indero\",\"description\":\"Indero\",\"publisher\":{\"@id\":\"https:\/\/inderocro.com\/fr\/#organization\"},\"potentialAction\":[{\"@type\":\"SearchAction\",\"target\":{\"@type\":\"EntryPoint\",\"urlTemplate\":\"https:\/\/inderocro.com\/fr\/?s={search_term_string}\"},\"query-input\":{\"@type\":\"PropertyValueSpecification\",\"valueRequired\":true,\"valueName\":\"search_term_string\"}}],\"inLanguage\":\"fr-FR\"},{\"@type\":\"Organization\",\"@id\":\"https:\/\/inderocro.com\/fr\/#organization\",\"name\":\"Indero\",\"url\":\"https:\/\/inderocro.com\/fr\/\",\"logo\":{\"@type\":\"ImageObject\",\"inLanguage\":\"fr-FR\",\"@id\":\"https:\/\/inderocro.com\/fr\/#\/schema\/logo\/image\/\",\"url\":\"https:\/\/inderocro.com\/wp-content\/uploads\/2025\/06\/Indero_logos.svg\",\"contentUrl\":\"https:\/\/inderocro.com\/wp-content\/uploads\/2025\/06\/Indero_logos.svg\",\"width\":278,\"height\":75,\"caption\":\"Indero\"},\"image\":{\"@id\":\"https:\/\/inderocro.com\/fr\/#\/schema\/logo\/image\/\"},\"sameAs\":[\"https:\/\/x.com\/Innovaderm_\",\"https:\/\/www.linkedin.com\/company\/innovaderm-research-inc-\/\"]}]}<\/script>\n<!-- \/ Yoast SEO plugin. -->","yoast_head_json":{"title":"Politique de confidentialit\u00e9 | Indero","description":"La politique de confidentialit\u00e9 d\u2019Indero explique comment nous prot\u00e9geons et traitons les informations.","robots":{"index":"index","follow":"follow","max-snippet":"max-snippet:-1","max-image-preview":"max-image-preview:large","max-video-preview":"max-video-preview:-1"},"canonical":"https:\/\/inderocro.com\/fr\/politique-de-confidentialite\/","og_locale":"fr_FR","og_type":"article","og_title":"Politique de confidentialit\u00e9 | Indero","og_description":"La politique de confidentialit\u00e9 d\u2019Indero explique comment nous prot\u00e9geons et traitons les informations.","og_url":"https:\/\/inderocro.com\/fr\/politique-de-confidentialite\/","og_site_name":"Indero","article_modified_time":"2025-10-29T14:15:31+00:00","twitter_card":"summary_large_image","twitter_site":"@Innovaderm_","twitter_misc":{"Dur\u00e9e de lecture estim\u00e9e":"6 minutes"},"schema":{"@context":"https:\/\/schema.org","@graph":[{"@type":"WebPage","@id":"https:\/\/inderocro.com\/fr\/politique-de-confidentialite\/","url":"https:\/\/inderocro.com\/fr\/politique-de-confidentialite\/","name":"Politique de confidentialit\u00e9 | Indero","isPartOf":{"@id":"https:\/\/inderocro.com\/fr\/#website"},"datePublished":"2025-06-19T12:09:46+00:00","dateModified":"2025-10-29T14:15:31+00:00","description":"La politique de confidentialit\u00e9 d\u2019Indero explique comment nous prot\u00e9geons et traitons les informations.","breadcrumb":{"@id":"https:\/\/inderocro.com\/fr\/politique-de-confidentialite\/#breadcrumb"},"inLanguage":"fr-FR","potentialAction":[{"@type":"ReadAction","target":["https:\/\/inderocro.com\/fr\/politique-de-confidentialite\/"]}]},{"@type":"BreadcrumbList","@id":"https:\/\/inderocro.com\/fr\/politique-de-confidentialite\/#breadcrumb","itemListElement":[{"@type":"ListItem","position":1,"name":"Home","item":"https:\/\/inderocro.com\/fr\/"},{"@type":"ListItem","position":2,"name":"Politique de confidentialit\u00e9"}]},{"@type":"WebSite","@id":"https:\/\/inderocro.com\/fr\/#website","url":"https:\/\/inderocro.com\/fr\/","name":"Indero","description":"Indero","publisher":{"@id":"https:\/\/inderocro.com\/fr\/#organization"},"potentialAction":[{"@type":"SearchAction","target":{"@type":"EntryPoint","urlTemplate":"https:\/\/inderocro.com\/fr\/?s={search_term_string}"},"query-input":{"@type":"PropertyValueSpecification","valueRequired":true,"valueName":"search_term_string"}}],"inLanguage":"fr-FR"},{"@type":"Organization","@id":"https:\/\/inderocro.com\/fr\/#organization","name":"Indero","url":"https:\/\/inderocro.com\/fr\/","logo":{"@type":"ImageObject","inLanguage":"fr-FR","@id":"https:\/\/inderocro.com\/fr\/#\/schema\/logo\/image\/","url":"https:\/\/inderocro.com\/wp-content\/uploads\/2025\/06\/Indero_logos.svg","contentUrl":"https:\/\/inderocro.com\/wp-content\/uploads\/2025\/06\/Indero_logos.svg","width":278,"height":75,"caption":"Indero"},"image":{"@id":"https:\/\/inderocro.com\/fr\/#\/schema\/logo\/image\/"},"sameAs":["https:\/\/x.com\/Innovaderm_","https:\/\/www.linkedin.com\/company\/innovaderm-research-inc-\/"]}]}},"_links":{"self":[{"href":"https:\/\/inderocro.com\/fr\/wp-json\/wp\/v2\/pages\/23033","targetHints":{"allow":["GET"]}}],"collection":[{"href":"https:\/\/inderocro.com\/fr\/wp-json\/wp\/v2\/pages"}],"about":[{"href":"https:\/\/inderocro.com\/fr\/wp-json\/wp\/v2\/types\/page"}],"author":[{"embeddable":true,"href":"https:\/\/inderocro.com\/fr\/wp-json\/wp\/v2\/users\/1"}],"replies":[{"embeddable":true,"href":"https:\/\/inderocro.com\/fr\/wp-json\/wp\/v2\/comments?post=23033"}],"version-history":[{"count":0,"href":"https:\/\/inderocro.com\/fr\/wp-json\/wp\/v2\/pages\/23033\/revisions"}],"wp:attachment":[{"href":"https:\/\/inderocro.com\/fr\/wp-json\/wp\/v2\/media?parent=23033"}],"curies":[{"name":"wp","href":"https:\/\/api.w.org\/{rel}","templated":true}]}}